{"id":16,"date":"2023-01-15T12:40:50","date_gmt":"2023-01-15T12:40:50","guid":{"rendered":"https:\/\/schuetzenverein-leinefelde.de\/?page_id=16"},"modified":"2025-08-07T11:32:41","modified_gmt":"2025-08-07T11:32:41","slug":"ueber-uns","status":"publish","type":"page","link":"https:\/\/schuetzenverein-leinefelde.de\/?page_id=16","title":{"rendered":"\u00dcber uns"},"content":{"rendered":"\n<h2 class=\"wp-block-heading\">Der Verein<\/h2>\n\n\n\n<p>Der Sch\u00fctzenverein wurde im Jahr 1991 gegr\u00fcndet und ist Mitglied im Th\u00fcringer Sch\u00fctzenbund (TSB) und dem Bund Deutscher Sportsch\u00fctzen (BDS).<\/p>\n\n\n\n<p>Seit dem Jahr 2001 wurde das alte Hallenbad Leinefelde zum Vereinsheim mit Schie\u00dfstand umgebaut. Dies geschah durch unz\u00e4hlige Arbeitseins\u00e4tze der Vereinsmitglieder. Geschaffen wurde ein Stand mit 8 Bahnen f\u00fcr Kurzwaffen, 6 Bahnen f\u00fcr Langwaffen mit Seilzuganlage und 4 Bahnen f\u00fcr Luftgewehr, ebenfalls mit Seilzuganlage.&nbsp;<\/p>\n\n\n\n<p>F\u00fcr das Vereinsleben gibt es zudem einem gro\u00dfen Vereinsraum mit Theke und K\u00fcche.&nbsp;<\/p>\n\n\n\n<hr class=\"wp-block-separator has-alpha-channel-opacity\"\/>\n\n\n\n<p>Neben den allgemeinen Schiesssportaktivit\u00e4ten und dem regelm\u00e4\u00dfigen Training pflegt der Sch\u00fctzenverein ebenfalls eine B\u00f6llerabteilung \u2013 die Kanoniere des Sch\u00fctzenvereins Leinefelde.<\/p>\n\n\n\n<h3 class=\"wp-block-heading\">Mitglieder<\/h3>\n\n\n\n<p>Aktuell sind im Verein 54 Mitglieder gemeldet.<\/p>\n","protected":false},"excerpt":{"rendered":"<p>Der Verein Der Sch\u00fctzenverein wurde im Jahr 1991 gegr\u00fcndet und ist Mitglied im Th\u00fcringer Sch\u00fctzenbund (TSB) und dem Bund Deutscher Sportsch\u00fctzen (BDS). Seit dem Jahr 2001 wurde das alte Hallenbad Leinefelde zum Vereinsheim mit Schie\u00dfstand umgebaut. Dies geschah durch unz\u00e4hlige Arbeitseins\u00e4tze der Vereinsmitglieder. Geschaffen wurde ein Stand mit 8 Bahnen [&hellip;]<\/p>\n","protected":false},"author":1,"featured_media":14,"parent":0,"menu_order":0,"comment_status":"closed","ping_status":"closed","template":"","meta":{"_themeisle_gutenberg_block_has_review":false,"footnotes":""},"class_list":["post-16","page","type-page","status-publish","has-post-thumbnail","hentry"],"yoast_head":"<!-- This site is optimized with the Yoast SEO plugin v27.5 - https:\/\/yoast.com\/product\/yoast-seo-wordpress\/ -->\n<title>\u00dcber uns - Sch\u00fctzenverein Leinefelde<\/title>\n<meta name=\"robots\" content=\"index, follow, max-snippet:-1, max-image-preview:large, max-video-preview:-1\" \/>\n<link rel=\"canonical\" href=\"https:\/\/schuetzenverein-leinefelde.de\/?page_id=16\" \/>\n<meta property=\"og:locale\" content=\"de_DE\" \/>\n<meta property=\"og:type\" content=\"article\" \/>\n<meta property=\"og:title\" content=\"\u00dcber uns - Sch\u00fctzenverein Leinefelde\" \/>\n<meta property=\"og:description\" content=\"Der Verein Der Sch\u00fctzenverein wurde im Jahr 1991 gegr\u00fcndet und ist Mitglied im Th\u00fcringer Sch\u00fctzenbund (TSB) und dem Bund Deutscher Sportsch\u00fctzen (BDS). Seit dem Jahr 2001 wurde das alte Hallenbad Leinefelde zum Vereinsheim mit Schie\u00dfstand umgebaut. Dies geschah durch unz\u00e4hlige Arbeitseins\u00e4tze der Vereinsmitglieder. Geschaffen wurde ein Stand mit 8 Bahnen [&hellip;]\" \/>\n<meta property=\"og:url\" content=\"https:\/\/schuetzenverein-leinefelde.de\/?page_id=16\" \/>\n<meta property=\"og:site_name\" content=\"Sch\u00fctzenverein Leinefelde\" \/>\n<meta property=\"article:modified_time\" content=\"2025-08-07T11:32:41+00:00\" \/>\n<meta property=\"og:image\" content=\"https:\/\/schuetzenverein-leinefelde.de\/wp-content\/uploads\/2023\/01\/086bdef3-0307-4d9c-8b6b-4b095454abcf.jpg\" \/>\n\t<meta property=\"og:image:width\" content=\"1280\" \/>\n\t<meta property=\"og:image:height\" content=\"720\" \/>\n\t<meta property=\"og:image:type\" content=\"image\/jpeg\" \/>\n<meta name=\"twitter:card\" content=\"summary_large_image\" \/>\n<meta name=\"twitter:label1\" content=\"Gesch\u00e4tzte Lesezeit\" \/>\n\t<meta name=\"twitter:data1\" content=\"1\u00a0Minute\" \/>\n<script type=\"application\/ld+json\" class=\"yoast-schema-graph\">{\"@context\":\"https:\\\/\\\/schema.org\",\"@graph\":[{\"@type\":\"WebPage\",\"@id\":\"https:\\\/\\\/schuetzenverein-leinefelde.de\\\/?page_id=16\",\"url\":\"https:\\\/\\\/schuetzenverein-leinefelde.de\\\/?page_id=16\",\"name\":\"\u00dcber uns - Sch\u00fctzenverein Leinefelde\",\"isPartOf\":{\"@id\":\"https:\\\/\\\/schuetzenverein-leinefelde.de\\\/#website\"},\"primaryImageOfPage\":{\"@id\":\"https:\\\/\\\/schuetzenverein-leinefelde.de\\\/?page_id=16#primaryimage\"},\"image\":{\"@id\":\"https:\\\/\\\/schuetzenverein-leinefelde.de\\\/?page_id=16#primaryimage\"},\"thumbnailUrl\":\"https:\\\/\\\/schuetzenverein-leinefelde.de\\\/wp-content\\\/uploads\\\/2023\\\/01\\\/086bdef3-0307-4d9c-8b6b-4b095454abcf.jpg\",\"datePublished\":\"2023-01-15T12:40:50+00:00\",\"dateModified\":\"2025-08-07T11:32:41+00:00\",\"breadcrumb\":{\"@id\":\"https:\\\/\\\/schuetzenverein-leinefelde.de\\\/?page_id=16#breadcrumb\"},\"inLanguage\":\"de\",\"potentialAction\":[{\"@type\":\"ReadAction\",\"target\":[\"https:\\\/\\\/schuetzenverein-leinefelde.de\\\/?page_id=16\"]}]},{\"@type\":\"ImageObject\",\"inLanguage\":\"de\",\"@id\":\"https:\\\/\\\/schuetzenverein-leinefelde.de\\\/?page_id=16#primaryimage\",\"url\":\"https:\\\/\\\/schuetzenverein-leinefelde.de\\\/wp-content\\\/uploads\\\/2023\\\/01\\\/086bdef3-0307-4d9c-8b6b-4b095454abcf.jpg\",\"contentUrl\":\"https:\\\/\\\/schuetzenverein-leinefelde.de\\\/wp-content\\\/uploads\\\/2023\\\/01\\\/086bdef3-0307-4d9c-8b6b-4b095454abcf.jpg\",\"width\":1280,\"height\":720},{\"@type\":\"BreadcrumbList\",\"@id\":\"https:\\\/\\\/schuetzenverein-leinefelde.de\\\/?page_id=16#breadcrumb\",\"itemListElement\":[{\"@type\":\"ListItem\",\"position\":1,\"name\":\"Startseite\",\"item\":\"https:\\\/\\\/schuetzenverein-leinefelde.de\\\/\"},{\"@type\":\"ListItem\",\"position\":2,\"name\":\"\u00dcber uns\"}]},{\"@type\":\"WebSite\",\"@id\":\"https:\\\/\\\/schuetzenverein-leinefelde.de\\\/#website\",\"url\":\"https:\\\/\\\/schuetzenverein-leinefelde.de\\\/\",\"name\":\"Sch\u00fctzenverein Leinefelde\",\"description\":\"\",\"publisher\":{\"@id\":\"https:\\\/\\\/schuetzenverein-leinefelde.de\\\/#organization\"},\"potentialAction\":[{\"@type\":\"SearchAction\",\"target\":{\"@type\":\"EntryPoint\",\"urlTemplate\":\"https:\\\/\\\/schuetzenverein-leinefelde.de\\\/?s={search_term_string}\"},\"query-input\":{\"@type\":\"PropertyValueSpecification\",\"valueRequired\":true,\"valueName\":\"search_term_string\"}}],\"inLanguage\":\"de\"},{\"@type\":\"Organization\",\"@id\":\"https:\\\/\\\/schuetzenverein-leinefelde.de\\\/#organization\",\"name\":\"Sch\u00fctzenverein Leinefelde e.V.\",\"url\":\"https:\\\/\\\/schuetzenverein-leinefelde.de\\\/\",\"logo\":{\"@type\":\"ImageObject\",\"inLanguage\":\"de\",\"@id\":\"https:\\\/\\\/schuetzenverein-leinefelde.de\\\/#\\\/schema\\\/logo\\\/image\\\/\",\"url\":\"https:\\\/\\\/schuetzenverein-leinefelde.de\\\/wp-content\\\/uploads\\\/2025\\\/08\\\/logo_svlfd.png\",\"contentUrl\":\"https:\\\/\\\/schuetzenverein-leinefelde.de\\\/wp-content\\\/uploads\\\/2025\\\/08\\\/logo_svlfd.png\",\"width\":371,\"height\":445,\"caption\":\"Sch\u00fctzenverein Leinefelde e.V.\"},\"image\":{\"@id\":\"https:\\\/\\\/schuetzenverein-leinefelde.de\\\/#\\\/schema\\\/logo\\\/image\\\/\"},\"sameAs\":[\"https:\\\/\\\/www.instagram.com\\\/sv_leinefelde\\\/\"]}]}<\/script>\n<!-- \/ Yoast SEO plugin. -->","yoast_head_json":{"title":"\u00dcber uns - Sch\u00fctzenverein Leinefelde","robots":{"index":"index","follow":"follow","max-snippet":"max-snippet:-1","max-image-preview":"max-image-preview:large","max-video-preview":"max-video-preview:-1"},"canonical":"https:\/\/schuetzenverein-leinefelde.de\/?page_id=16","og_locale":"de_DE","og_type":"article","og_title":"\u00dcber uns - Sch\u00fctzenverein Leinefelde","og_description":"Der Verein Der Sch\u00fctzenverein wurde im Jahr 1991 gegr\u00fcndet und ist Mitglied im Th\u00fcringer Sch\u00fctzenbund (TSB) und dem Bund Deutscher Sportsch\u00fctzen (BDS). Seit dem Jahr 2001 wurde das alte Hallenbad Leinefelde zum Vereinsheim mit Schie\u00dfstand umgebaut. Dies geschah durch unz\u00e4hlige Arbeitseins\u00e4tze der Vereinsmitglieder. Geschaffen wurde ein Stand mit 8 Bahnen [&hellip;]","og_url":"https:\/\/schuetzenverein-leinefelde.de\/?page_id=16","og_site_name":"Sch\u00fctzenverein Leinefelde","article_modified_time":"2025-08-07T11:32:41+00:00","og_image":[{"width":1280,"height":720,"url":"https:\/\/schuetzenverein-leinefelde.de\/wp-content\/uploads\/2023\/01\/086bdef3-0307-4d9c-8b6b-4b095454abcf.jpg","type":"image\/jpeg"}],"twitter_card":"summary_large_image","twitter_misc":{"Gesch\u00e4tzte Lesezeit":"1\u00a0Minute"},"schema":{"@context":"https:\/\/schema.org","@graph":[{"@type":"WebPage","@id":"https:\/\/schuetzenverein-leinefelde.de\/?page_id=16","url":"https:\/\/schuetzenverein-leinefelde.de\/?page_id=16","name":"\u00dcber uns - Sch\u00fctzenverein Leinefelde","isPartOf":{"@id":"https:\/\/schuetzenverein-leinefelde.de\/#website"},"primaryImageOfPage":{"@id":"https:\/\/schuetzenverein-leinefelde.de\/?page_id=16#primaryimage"},"image":{"@id":"https:\/\/schuetzenverein-leinefelde.de\/?page_id=16#primaryimage"},"thumbnailUrl":"https:\/\/schuetzenverein-leinefelde.de\/wp-content\/uploads\/2023\/01\/086bdef3-0307-4d9c-8b6b-4b095454abcf.jpg","datePublished":"2023-01-15T12:40:50+00:00","dateModified":"2025-08-07T11:32:41+00:00","breadcrumb":{"@id":"https:\/\/schuetzenverein-leinefelde.de\/?page_id=16#breadcrumb"},"inLanguage":"de","potentialAction":[{"@type":"ReadAction","target":["https:\/\/schuetzenverein-leinefelde.de\/?page_id=16"]}]},{"@type":"ImageObject","inLanguage":"de","@id":"https:\/\/schuetzenverein-leinefelde.de\/?page_id=16#primaryimage","url":"https:\/\/schuetzenverein-leinefelde.de\/wp-content\/uploads\/2023\/01\/086bdef3-0307-4d9c-8b6b-4b095454abcf.jpg","contentUrl":"https:\/\/schuetzenverein-leinefelde.de\/wp-content\/uploads\/2023\/01\/086bdef3-0307-4d9c-8b6b-4b095454abcf.jpg","width":1280,"height":720},{"@type":"BreadcrumbList","@id":"https:\/\/schuetzenverein-leinefelde.de\/?page_id=16#breadcrumb","itemListElement":[{"@type":"ListItem","position":1,"name":"Startseite","item":"https:\/\/schuetzenverein-leinefelde.de\/"},{"@type":"ListItem","position":2,"name":"\u00dcber uns"}]},{"@type":"WebSite","@id":"https:\/\/schuetzenverein-leinefelde.de\/#website","url":"https:\/\/schuetzenverein-leinefelde.de\/","name":"Sch\u00fctzenverein Leinefelde","description":"","publisher":{"@id":"https:\/\/schuetzenverein-leinefelde.de\/#organization"},"potentialAction":[{"@type":"SearchAction","target":{"@type":"EntryPoint","urlTemplate":"https:\/\/schuetzenverein-leinefelde.de\/?s={search_term_string}"},"query-input":{"@type":"PropertyValueSpecification","valueRequired":true,"valueName":"search_term_string"}}],"inLanguage":"de"},{"@type":"Organization","@id":"https:\/\/schuetzenverein-leinefelde.de\/#organization","name":"Sch\u00fctzenverein Leinefelde e.V.","url":"https:\/\/schuetzenverein-leinefelde.de\/","logo":{"@type":"ImageObject","inLanguage":"de","@id":"https:\/\/schuetzenverein-leinefelde.de\/#\/schema\/logo\/image\/","url":"https:\/\/schuetzenverein-leinefelde.de\/wp-content\/uploads\/2025\/08\/logo_svlfd.png","contentUrl":"https:\/\/schuetzenverein-leinefelde.de\/wp-content\/uploads\/2025\/08\/logo_svlfd.png","width":371,"height":445,"caption":"Sch\u00fctzenverein Leinefelde e.V."},"image":{"@id":"https:\/\/schuetzenverein-leinefelde.de\/#\/schema\/logo\/image\/"},"sameAs":["https:\/\/www.instagram.com\/sv_leinefelde\/"]}]}},"_links":{"self":[{"href":"https:\/\/schuetzenverein-leinefelde.de\/index.php?rest_route=\/wp\/v2\/pages\/16","targetHints":{"allow":["GET"]}}],"collection":[{"href":"https:\/\/schuetzenverein-leinefelde.de\/index.php?rest_route=\/wp\/v2\/pages"}],"about":[{"href":"https:\/\/schuetzenverein-leinefelde.de\/index.php?rest_route=\/wp\/v2\/types\/page"}],"author":[{"embeddable":true,"href":"https:\/\/schuetzenverein-leinefelde.de\/index.php?rest_route=\/wp\/v2\/users\/1"}],"replies":[{"embeddable":true,"href":"https:\/\/schuetzenverein-leinefelde.de\/index.php?rest_route=%2Fwp%2Fv2%2Fcomments&post=16"}],"version-history":[{"count":1,"href":"https:\/\/schuetzenverein-leinefelde.de\/index.php?rest_route=\/wp\/v2\/pages\/16\/revisions"}],"predecessor-version":[{"id":151,"href":"https:\/\/schuetzenverein-leinefelde.de\/index.php?rest_route=\/wp\/v2\/pages\/16\/revisions\/151"}],"wp:featuredmedia":[{"embeddable":true,"href":"https:\/\/schuetzenverein-leinefelde.de\/index.php?rest_route=\/wp\/v2\/media\/14"}],"wp:attachment":[{"href":"https:\/\/schuetzenverein-leinefelde.de\/index.php?rest_route=%2Fwp%2Fv2%2Fmedia&parent=16"}],"curies":[{"name":"wp","href":"https:\/\/api.w.org\/{rel}","templated":true}]}}