{"id":19,"date":"2023-01-15T12:40:50","date_gmt":"2023-01-15T12:40:50","guid":{"rendered":"https:\/\/schuetzenverein-leinefelde.de\/?page_id=19"},"modified":"2023-01-15T13:08:21","modified_gmt":"2023-01-15T13:08:21","slug":"schiessstand","status":"publish","type":"page","link":"https:\/\/schuetzenverein-leinefelde.de\/?page_id=19","title":{"rendered":"Schie\u00dfstand"},"content":{"rendered":"\n<h2 class=\"wp-block-heading\">Ausstattung<\/h2>\n\n\n\n<p>Luftgewehr (10m):<br>4 Bahnen mit Seilzuganlage<br><br>Kleinkaliber (50m)<br>6 Bahnen mit Seilzuganlage<br><br>Kleinkaliber (25m)<br>4 Bahnen mit Seilzuganlage<br><br>Gro\u00dfkaliber bis 1500J (25m)<br>4 Bahnen mit Drehscheibenanlage<\/p>\n\n\n\n<figure class=\"wp-block-gallery has-nested-images columns-default is-cropped wp-block-gallery-1 is-layout-flex wp-block-gallery-is-layout-flex\"><\/figure>\n\n\n\n<h2 class=\"wp-block-heading\">Anfahrt<\/h2>\n\n\n\n<p><strong>Schie\u00dfstand des Sch\u00fctzenverein Leinefelde e.V.<\/strong><br>Birkunger Stra\u00dfe 33<br>37327 Leinefelde-Worbis<\/p>\n\n\n\n<p>Das Sch\u00fctzenhaus ist zwischen Lidl und Medizinischen Versorgungszentrum (MVZ). Um auf den Parkplatz zu gelangen nehmen Sie bitte die Zufahrt zum MVZ \/ Chinesischen Restaurant.<\/p>\n","protected":false},"excerpt":{"rendered":"<p>Ausstattung Luftgewehr (10m):4 Bahnen mit Seilzuganlage Kleinkaliber (50m)6 Bahnen mit Seilzuganlage Kleinkaliber (25m)4 Bahnen mit Seilzuganlage Gro\u00dfkaliber bis 1500J (25m)4 Bahnen mit Drehscheibenanlage Anfahrt Schie\u00dfstand des Sch\u00fctzenverein Leinefelde e.V.Birkunger Stra\u00dfe 3337327 Leinefelde-Worbis Das Sch\u00fctzenhaus ist zwischen Lidl und Medizinischen Versorgungszentrum (MVZ). Um auf den Parkplatz zu gelangen nehmen Sie bitte [&hellip;]<\/p>\n","protected":false},"author":1,"featured_media":0,"parent":0,"menu_order":0,"comment_status":"closed","ping_status":"closed","template":"","meta":{"_themeisle_gutenberg_block_has_review":false,"footnotes":""},"class_list":["post-19","page","type-page","status-publish","hentry"],"yoast_head":"<!-- This site is optimized with the Yoast SEO plugin v27.6 - https:\/\/yoast.com\/product\/yoast-seo-wordpress\/ -->\n<title>Schie\u00dfstand - Sch\u00fctzenverein Leinefelde<\/title>\n<meta name=\"robots\" content=\"index, follow, max-snippet:-1, max-image-preview:large, max-video-preview:-1\" \/>\n<link rel=\"canonical\" href=\"https:\/\/schuetzenverein-leinefelde.de\/?page_id=19\" \/>\n<meta property=\"og:locale\" content=\"de_DE\" \/>\n<meta property=\"og:type\" content=\"article\" \/>\n<meta property=\"og:title\" content=\"Schie\u00dfstand - Sch\u00fctzenverein Leinefelde\" \/>\n<meta property=\"og:description\" content=\"Ausstattung Luftgewehr (10m):4 Bahnen mit Seilzuganlage Kleinkaliber (50m)6 Bahnen mit Seilzuganlage Kleinkaliber (25m)4 Bahnen mit Seilzuganlage Gro\u00dfkaliber bis 1500J (25m)4 Bahnen mit Drehscheibenanlage Anfahrt Schie\u00dfstand des Sch\u00fctzenverein Leinefelde e.V.Birkunger Stra\u00dfe 3337327 Leinefelde-Worbis Das Sch\u00fctzenhaus ist zwischen Lidl und Medizinischen Versorgungszentrum (MVZ). Um auf den Parkplatz zu gelangen nehmen Sie bitte [&hellip;]\" \/>\n<meta property=\"og:url\" content=\"https:\/\/schuetzenverein-leinefelde.de\/?page_id=19\" \/>\n<meta property=\"og:site_name\" content=\"Sch\u00fctzenverein Leinefelde\" \/>\n<meta property=\"article:modified_time\" content=\"2023-01-15T13:08:21+00:00\" \/>\n<meta name=\"twitter:card\" content=\"summary_large_image\" \/>\n<script type=\"application\/ld+json\" class=\"yoast-schema-graph\">{\"@context\":\"https:\\\/\\\/schema.org\",\"@graph\":[{\"@type\":\"WebPage\",\"@id\":\"https:\\\/\\\/schuetzenverein-leinefelde.de\\\/?page_id=19\",\"url\":\"https:\\\/\\\/schuetzenverein-leinefelde.de\\\/?page_id=19\",\"name\":\"Schie\u00dfstand - Sch\u00fctzenverein Leinefelde\",\"isPartOf\":{\"@id\":\"https:\\\/\\\/schuetzenverein-leinefelde.de\\\/#website\"},\"datePublished\":\"2023-01-15T12:40:50+00:00\",\"dateModified\":\"2023-01-15T13:08:21+00:00\",\"breadcrumb\":{\"@id\":\"https:\\\/\\\/schuetzenverein-leinefelde.de\\\/?page_id=19#breadcrumb\"},\"inLanguage\":\"de\",\"potentialAction\":[{\"@type\":\"ReadAction\",\"target\":[\"https:\\\/\\\/schuetzenverein-leinefelde.de\\\/?page_id=19\"]}]},{\"@type\":\"BreadcrumbList\",\"@id\":\"https:\\\/\\\/schuetzenverein-leinefelde.de\\\/?page_id=19#breadcrumb\",\"itemListElement\":[{\"@type\":\"ListItem\",\"position\":1,\"name\":\"Startseite\",\"item\":\"https:\\\/\\\/schuetzenverein-leinefelde.de\\\/\"},{\"@type\":\"ListItem\",\"position\":2,\"name\":\"Schie\u00dfstand\"}]},{\"@type\":\"WebSite\",\"@id\":\"https:\\\/\\\/schuetzenverein-leinefelde.de\\\/#website\",\"url\":\"https:\\\/\\\/schuetzenverein-leinefelde.de\\\/\",\"name\":\"Sch\u00fctzenverein Leinefelde\",\"description\":\"\",\"publisher\":{\"@id\":\"https:\\\/\\\/schuetzenverein-leinefelde.de\\\/#organization\"},\"potentialAction\":[{\"@type\":\"SearchAction\",\"target\":{\"@type\":\"EntryPoint\",\"urlTemplate\":\"https:\\\/\\\/schuetzenverein-leinefelde.de\\\/?s={search_term_string}\"},\"query-input\":{\"@type\":\"PropertyValueSpecification\",\"valueRequired\":true,\"valueName\":\"search_term_string\"}}],\"inLanguage\":\"de\"},{\"@type\":\"Organization\",\"@id\":\"https:\\\/\\\/schuetzenverein-leinefelde.de\\\/#organization\",\"name\":\"Sch\u00fctzenverein Leinefelde e.V.\",\"url\":\"https:\\\/\\\/schuetzenverein-leinefelde.de\\\/\",\"logo\":{\"@type\":\"ImageObject\",\"inLanguage\":\"de\",\"@id\":\"https:\\\/\\\/schuetzenverein-leinefelde.de\\\/#\\\/schema\\\/logo\\\/image\\\/\",\"url\":\"https:\\\/\\\/schuetzenverein-leinefelde.de\\\/wp-content\\\/uploads\\\/2025\\\/08\\\/logo_svlfd.png\",\"contentUrl\":\"https:\\\/\\\/schuetzenverein-leinefelde.de\\\/wp-content\\\/uploads\\\/2025\\\/08\\\/logo_svlfd.png\",\"width\":371,\"height\":445,\"caption\":\"Sch\u00fctzenverein Leinefelde e.V.\"},\"image\":{\"@id\":\"https:\\\/\\\/schuetzenverein-leinefelde.de\\\/#\\\/schema\\\/logo\\\/image\\\/\"},\"sameAs\":[\"https:\\\/\\\/www.instagram.com\\\/sv_leinefelde\\\/\"]}]}<\/script>\n<!-- \/ Yoast SEO plugin. -->","yoast_head_json":{"title":"Schie\u00dfstand - Sch\u00fctzenverein Leinefelde","robots":{"index":"index","follow":"follow","max-snippet":"max-snippet:-1","max-image-preview":"max-image-preview:large","max-video-preview":"max-video-preview:-1"},"canonical":"https:\/\/schuetzenverein-leinefelde.de\/?page_id=19","og_locale":"de_DE","og_type":"article","og_title":"Schie\u00dfstand - Sch\u00fctzenverein Leinefelde","og_description":"Ausstattung Luftgewehr (10m):4 Bahnen mit Seilzuganlage Kleinkaliber (50m)6 Bahnen mit Seilzuganlage Kleinkaliber (25m)4 Bahnen mit Seilzuganlage Gro\u00dfkaliber bis 1500J (25m)4 Bahnen mit Drehscheibenanlage Anfahrt Schie\u00dfstand des Sch\u00fctzenverein Leinefelde e.V.Birkunger Stra\u00dfe 3337327 Leinefelde-Worbis Das Sch\u00fctzenhaus ist zwischen Lidl und Medizinischen Versorgungszentrum (MVZ). Um auf den Parkplatz zu gelangen nehmen Sie bitte [&hellip;]","og_url":"https:\/\/schuetzenverein-leinefelde.de\/?page_id=19","og_site_name":"Sch\u00fctzenverein Leinefelde","article_modified_time":"2023-01-15T13:08:21+00:00","twitter_card":"summary_large_image","schema":{"@context":"https:\/\/schema.org","@graph":[{"@type":"WebPage","@id":"https:\/\/schuetzenverein-leinefelde.de\/?page_id=19","url":"https:\/\/schuetzenverein-leinefelde.de\/?page_id=19","name":"Schie\u00dfstand - Sch\u00fctzenverein Leinefelde","isPartOf":{"@id":"https:\/\/schuetzenverein-leinefelde.de\/#website"},"datePublished":"2023-01-15T12:40:50+00:00","dateModified":"2023-01-15T13:08:21+00:00","breadcrumb":{"@id":"https:\/\/schuetzenverein-leinefelde.de\/?page_id=19#breadcrumb"},"inLanguage":"de","potentialAction":[{"@type":"ReadAction","target":["https:\/\/schuetzenverein-leinefelde.de\/?page_id=19"]}]},{"@type":"BreadcrumbList","@id":"https:\/\/schuetzenverein-leinefelde.de\/?page_id=19#breadcrumb","itemListElement":[{"@type":"ListItem","position":1,"name":"Startseite","item":"https:\/\/schuetzenverein-leinefelde.de\/"},{"@type":"ListItem","position":2,"name":"Schie\u00dfstand"}]},{"@type":"WebSite","@id":"https:\/\/schuetzenverein-leinefelde.de\/#website","url":"https:\/\/schuetzenverein-leinefelde.de\/","name":"Sch\u00fctzenverein Leinefelde","description":"","publisher":{"@id":"https:\/\/schuetzenverein-leinefelde.de\/#organization"},"potentialAction":[{"@type":"SearchAction","target":{"@type":"EntryPoint","urlTemplate":"https:\/\/schuetzenverein-leinefelde.de\/?s={search_term_string}"},"query-input":{"@type":"PropertyValueSpecification","valueRequired":true,"valueName":"search_term_string"}}],"inLanguage":"de"},{"@type":"Organization","@id":"https:\/\/schuetzenverein-leinefelde.de\/#organization","name":"Sch\u00fctzenverein Leinefelde e.V.","url":"https:\/\/schuetzenverein-leinefelde.de\/","logo":{"@type":"ImageObject","inLanguage":"de","@id":"https:\/\/schuetzenverein-leinefelde.de\/#\/schema\/logo\/image\/","url":"https:\/\/schuetzenverein-leinefelde.de\/wp-content\/uploads\/2025\/08\/logo_svlfd.png","contentUrl":"https:\/\/schuetzenverein-leinefelde.de\/wp-content\/uploads\/2025\/08\/logo_svlfd.png","width":371,"height":445,"caption":"Sch\u00fctzenverein Leinefelde e.V."},"image":{"@id":"https:\/\/schuetzenverein-leinefelde.de\/#\/schema\/logo\/image\/"},"sameAs":["https:\/\/www.instagram.com\/sv_leinefelde\/"]}]}},"_links":{"self":[{"href":"https:\/\/schuetzenverein-leinefelde.de\/index.php?rest_route=\/wp\/v2\/pages\/19","targetHints":{"allow":["GET"]}}],"collection":[{"href":"https:\/\/schuetzenverein-leinefelde.de\/index.php?rest_route=\/wp\/v2\/pages"}],"about":[{"href":"https:\/\/schuetzenverein-leinefelde.de\/index.php?rest_route=\/wp\/v2\/types\/page"}],"author":[{"embeddable":true,"href":"https:\/\/schuetzenverein-leinefelde.de\/index.php?rest_route=\/wp\/v2\/users\/1"}],"replies":[{"embeddable":true,"href":"https:\/\/schuetzenverein-leinefelde.de\/index.php?rest_route=%2Fwp%2Fv2%2Fcomments&post=19"}],"version-history":[{"count":0,"href":"https:\/\/schuetzenverein-leinefelde.de\/index.php?rest_route=\/wp\/v2\/pages\/19\/revisions"}],"wp:attachment":[{"href":"https:\/\/schuetzenverein-leinefelde.de\/index.php?rest_route=%2Fwp%2Fv2%2Fmedia&parent=19"}],"curies":[{"name":"wp","href":"https:\/\/api.w.org\/{rel}","templated":true}]}}