{"id":65,"date":"2023-01-15T13:09:36","date_gmt":"2023-01-15T13:09:36","guid":{"rendered":"https:\/\/schuetzenverein-leinefelde.de\/?page_id=65"},"modified":"2023-01-15T13:11:49","modified_gmt":"2023-01-15T13:11:49","slug":"mitglied-werden","status":"publish","type":"page","link":"https:\/\/schuetzenverein-leinefelde.de\/?page_id=65","title":{"rendered":"Mitglied werden"},"content":{"rendered":"\n<p>Bei Interesse an einer Mitgliedschaft komm bitte zum n\u00e4chsten Versammlungstermin. Bringe dazu einfach den Mitgliedsantrag aus der Sektion \u201eDownloads\u201c mit.<\/p>\n\n\n\n<p>Eine Mitgliedschaft in dem Sch\u00fctzenverein Leinefelde e. V. ist mit folgenden Kosten bzw. Aufwendungen verbunden:<\/p>\n\n\n\n<h3 class=\"wp-block-heading\">Jahresmitgliedsbeitr\u00e4ge<\/h3>\n\n\n\n<ul class=\"wp-block-list\">\n<li>Mitglieder: 65,00 Euro<\/li>\n\n\n\n<li>Ehepartner der Mitglieder 35,00 Euro<\/li>\n\n\n\n<li>Mitglieder in Ausbildung \/ Studenten \/ Zivildienstleistende: 35,00 Euro<\/li>\n\n\n\n<li>Mitglieder bis zum Alter von 18 Jahren: 24,00 Euro<\/li>\n<\/ul>\n\n\n\n<p>Zus\u00e4tzlich k\u00f6nnen bei Interesse und einer Mitgliedschaft im BDS \u00fcber den Sch\u00fctzenverein folgende Zusatzkosten entstehen:<\/p>\n\n\n\n<ul class=\"wp-block-list\">\n<li>Mitglieder: 33,00 Euro<\/li>\n\n\n\n<li>Mitglieder bis zum Alter von 21 Jahren: 12,00 Euro<\/li>\n<\/ul>\n\n\n\n<p>Eine einmalige Aufnahmegeb\u00fchr wird ebenfalls erhoben, die Aufz\u00e4hlung hierzu folgt.<\/p>\n\n\n\n<div class=\"wp-block-buttons is-layout-flex wp-block-buttons-is-layout-flex\">\n<div class=\"wp-block-button aligncenter has-custom-font-size has-medium-font-size\"><a class=\"wp-block-button__link wp-element-button\" style=\"border-radius:5px\">zum Mitgliedsantrag<\/a><\/div>\n<\/div>\n\n\n\n<p><\/p>\n\n\n\n<p>Termine k\u00f6nnen sie unter dem Punkt \u201eTermine\u201c einsehen.<\/p>\n","protected":false},"excerpt":{"rendered":"<p>Bei Interesse an einer Mitgliedschaft komm bitte zum n\u00e4chsten Versammlungstermin. Bringe dazu einfach den Mitgliedsantrag aus der Sektion \u201eDownloads\u201c mit. Eine Mitgliedschaft in dem Sch\u00fctzenverein Leinefelde e. V. ist mit folgenden Kosten bzw. Aufwendungen verbunden: Jahresmitgliedsbeitr\u00e4ge Zus\u00e4tzlich k\u00f6nnen bei Interesse und einer Mitgliedschaft im BDS \u00fcber den Sch\u00fctzenverein folgende Zusatzkosten [&hellip;]<\/p>\n","protected":false},"author":1,"featured_media":0,"parent":0,"menu_order":0,"comment_status":"closed","ping_status":"closed","template":"","meta":{"_themeisle_gutenberg_block_has_review":false,"footnotes":""},"class_list":["post-65","page","type-page","status-publish","hentry"],"yoast_head":"<!-- This site is optimized with the Yoast SEO plugin v27.5 - https:\/\/yoast.com\/product\/yoast-seo-wordpress\/ -->\n<title>Mitglied werden - Sch\u00fctzenverein Leinefelde<\/title>\n<meta name=\"robots\" content=\"index, follow, max-snippet:-1, max-image-preview:large, max-video-preview:-1\" \/>\n<link rel=\"canonical\" href=\"https:\/\/schuetzenverein-leinefelde.de\/?page_id=65\" \/>\n<meta property=\"og:locale\" content=\"de_DE\" \/>\n<meta property=\"og:type\" content=\"article\" \/>\n<meta property=\"og:title\" content=\"Mitglied werden - Sch\u00fctzenverein Leinefelde\" \/>\n<meta property=\"og:description\" content=\"Bei Interesse an einer Mitgliedschaft komm bitte zum n\u00e4chsten Versammlungstermin. Bringe dazu einfach den Mitgliedsantrag aus der Sektion \u201eDownloads\u201c mit. Eine Mitgliedschaft in dem Sch\u00fctzenverein Leinefelde e. V. ist mit folgenden Kosten bzw. Aufwendungen verbunden: Jahresmitgliedsbeitr\u00e4ge Zus\u00e4tzlich k\u00f6nnen bei Interesse und einer Mitgliedschaft im BDS \u00fcber den Sch\u00fctzenverein folgende Zusatzkosten [&hellip;]\" \/>\n<meta property=\"og:url\" content=\"https:\/\/schuetzenverein-leinefelde.de\/?page_id=65\" \/>\n<meta property=\"og:site_name\" content=\"Sch\u00fctzenverein Leinefelde\" \/>\n<meta property=\"article:modified_time\" content=\"2023-01-15T13:11:49+00:00\" \/>\n<meta name=\"twitter:card\" content=\"summary_large_image\" \/>\n<meta name=\"twitter:label1\" content=\"Gesch\u00e4tzte Lesezeit\" \/>\n\t<meta name=\"twitter:data1\" content=\"1\u00a0Minute\" \/>\n<script type=\"application\/ld+json\" class=\"yoast-schema-graph\">{\"@context\":\"https:\\\/\\\/schema.org\",\"@graph\":[{\"@type\":\"WebPage\",\"@id\":\"https:\\\/\\\/schuetzenverein-leinefelde.de\\\/?page_id=65\",\"url\":\"https:\\\/\\\/schuetzenverein-leinefelde.de\\\/?page_id=65\",\"name\":\"Mitglied werden - Sch\u00fctzenverein Leinefelde\",\"isPartOf\":{\"@id\":\"https:\\\/\\\/schuetzenverein-leinefelde.de\\\/#website\"},\"datePublished\":\"2023-01-15T13:09:36+00:00\",\"dateModified\":\"2023-01-15T13:11:49+00:00\",\"breadcrumb\":{\"@id\":\"https:\\\/\\\/schuetzenverein-leinefelde.de\\\/?page_id=65#breadcrumb\"},\"inLanguage\":\"de\",\"potentialAction\":[{\"@type\":\"ReadAction\",\"target\":[\"https:\\\/\\\/schuetzenverein-leinefelde.de\\\/?page_id=65\"]}]},{\"@type\":\"BreadcrumbList\",\"@id\":\"https:\\\/\\\/schuetzenverein-leinefelde.de\\\/?page_id=65#breadcrumb\",\"itemListElement\":[{\"@type\":\"ListItem\",\"position\":1,\"name\":\"Startseite\",\"item\":\"https:\\\/\\\/schuetzenverein-leinefelde.de\\\/\"},{\"@type\":\"ListItem\",\"position\":2,\"name\":\"Mitglied werden\"}]},{\"@type\":\"WebSite\",\"@id\":\"https:\\\/\\\/schuetzenverein-leinefelde.de\\\/#website\",\"url\":\"https:\\\/\\\/schuetzenverein-leinefelde.de\\\/\",\"name\":\"Sch\u00fctzenverein Leinefelde\",\"description\":\"\",\"publisher\":{\"@id\":\"https:\\\/\\\/schuetzenverein-leinefelde.de\\\/#organization\"},\"potentialAction\":[{\"@type\":\"SearchAction\",\"target\":{\"@type\":\"EntryPoint\",\"urlTemplate\":\"https:\\\/\\\/schuetzenverein-leinefelde.de\\\/?s={search_term_string}\"},\"query-input\":{\"@type\":\"PropertyValueSpecification\",\"valueRequired\":true,\"valueName\":\"search_term_string\"}}],\"inLanguage\":\"de\"},{\"@type\":\"Organization\",\"@id\":\"https:\\\/\\\/schuetzenverein-leinefelde.de\\\/#organization\",\"name\":\"Sch\u00fctzenverein Leinefelde e.V.\",\"url\":\"https:\\\/\\\/schuetzenverein-leinefelde.de\\\/\",\"logo\":{\"@type\":\"ImageObject\",\"inLanguage\":\"de\",\"@id\":\"https:\\\/\\\/schuetzenverein-leinefelde.de\\\/#\\\/schema\\\/logo\\\/image\\\/\",\"url\":\"https:\\\/\\\/schuetzenverein-leinefelde.de\\\/wp-content\\\/uploads\\\/2025\\\/08\\\/logo_svlfd.png\",\"contentUrl\":\"https:\\\/\\\/schuetzenverein-leinefelde.de\\\/wp-content\\\/uploads\\\/2025\\\/08\\\/logo_svlfd.png\",\"width\":371,\"height\":445,\"caption\":\"Sch\u00fctzenverein Leinefelde e.V.\"},\"image\":{\"@id\":\"https:\\\/\\\/schuetzenverein-leinefelde.de\\\/#\\\/schema\\\/logo\\\/image\\\/\"},\"sameAs\":[\"https:\\\/\\\/www.instagram.com\\\/sv_leinefelde\\\/\"]}]}<\/script>\n<!-- \/ Yoast SEO plugin. -->","yoast_head_json":{"title":"Mitglied werden - Sch\u00fctzenverein Leinefelde","robots":{"index":"index","follow":"follow","max-snippet":"max-snippet:-1","max-image-preview":"max-image-preview:large","max-video-preview":"max-video-preview:-1"},"canonical":"https:\/\/schuetzenverein-leinefelde.de\/?page_id=65","og_locale":"de_DE","og_type":"article","og_title":"Mitglied werden - Sch\u00fctzenverein Leinefelde","og_description":"Bei Interesse an einer Mitgliedschaft komm bitte zum n\u00e4chsten Versammlungstermin. Bringe dazu einfach den Mitgliedsantrag aus der Sektion \u201eDownloads\u201c mit. Eine Mitgliedschaft in dem Sch\u00fctzenverein Leinefelde e. V. ist mit folgenden Kosten bzw. Aufwendungen verbunden: Jahresmitgliedsbeitr\u00e4ge Zus\u00e4tzlich k\u00f6nnen bei Interesse und einer Mitgliedschaft im BDS \u00fcber den Sch\u00fctzenverein folgende Zusatzkosten [&hellip;]","og_url":"https:\/\/schuetzenverein-leinefelde.de\/?page_id=65","og_site_name":"Sch\u00fctzenverein Leinefelde","article_modified_time":"2023-01-15T13:11:49+00:00","twitter_card":"summary_large_image","twitter_misc":{"Gesch\u00e4tzte Lesezeit":"1\u00a0Minute"},"schema":{"@context":"https:\/\/schema.org","@graph":[{"@type":"WebPage","@id":"https:\/\/schuetzenverein-leinefelde.de\/?page_id=65","url":"https:\/\/schuetzenverein-leinefelde.de\/?page_id=65","name":"Mitglied werden - Sch\u00fctzenverein Leinefelde","isPartOf":{"@id":"https:\/\/schuetzenverein-leinefelde.de\/#website"},"datePublished":"2023-01-15T13:09:36+00:00","dateModified":"2023-01-15T13:11:49+00:00","breadcrumb":{"@id":"https:\/\/schuetzenverein-leinefelde.de\/?page_id=65#breadcrumb"},"inLanguage":"de","potentialAction":[{"@type":"ReadAction","target":["https:\/\/schuetzenverein-leinefelde.de\/?page_id=65"]}]},{"@type":"BreadcrumbList","@id":"https:\/\/schuetzenverein-leinefelde.de\/?page_id=65#breadcrumb","itemListElement":[{"@type":"ListItem","position":1,"name":"Startseite","item":"https:\/\/schuetzenverein-leinefelde.de\/"},{"@type":"ListItem","position":2,"name":"Mitglied werden"}]},{"@type":"WebSite","@id":"https:\/\/schuetzenverein-leinefelde.de\/#website","url":"https:\/\/schuetzenverein-leinefelde.de\/","name":"Sch\u00fctzenverein Leinefelde","description":"","publisher":{"@id":"https:\/\/schuetzenverein-leinefelde.de\/#organization"},"potentialAction":[{"@type":"SearchAction","target":{"@type":"EntryPoint","urlTemplate":"https:\/\/schuetzenverein-leinefelde.de\/?s={search_term_string}"},"query-input":{"@type":"PropertyValueSpecification","valueRequired":true,"valueName":"search_term_string"}}],"inLanguage":"de"},{"@type":"Organization","@id":"https:\/\/schuetzenverein-leinefelde.de\/#organization","name":"Sch\u00fctzenverein Leinefelde e.V.","url":"https:\/\/schuetzenverein-leinefelde.de\/","logo":{"@type":"ImageObject","inLanguage":"de","@id":"https:\/\/schuetzenverein-leinefelde.de\/#\/schema\/logo\/image\/","url":"https:\/\/schuetzenverein-leinefelde.de\/wp-content\/uploads\/2025\/08\/logo_svlfd.png","contentUrl":"https:\/\/schuetzenverein-leinefelde.de\/wp-content\/uploads\/2025\/08\/logo_svlfd.png","width":371,"height":445,"caption":"Sch\u00fctzenverein Leinefelde e.V."},"image":{"@id":"https:\/\/schuetzenverein-leinefelde.de\/#\/schema\/logo\/image\/"},"sameAs":["https:\/\/www.instagram.com\/sv_leinefelde\/"]}]}},"_links":{"self":[{"href":"https:\/\/schuetzenverein-leinefelde.de\/index.php?rest_route=\/wp\/v2\/pages\/65","targetHints":{"allow":["GET"]}}],"collection":[{"href":"https:\/\/schuetzenverein-leinefelde.de\/index.php?rest_route=\/wp\/v2\/pages"}],"about":[{"href":"https:\/\/schuetzenverein-leinefelde.de\/index.php?rest_route=\/wp\/v2\/types\/page"}],"author":[{"embeddable":true,"href":"https:\/\/schuetzenverein-leinefelde.de\/index.php?rest_route=\/wp\/v2\/users\/1"}],"replies":[{"embeddable":true,"href":"https:\/\/schuetzenverein-leinefelde.de\/index.php?rest_route=%2Fwp%2Fv2%2Fcomments&post=65"}],"version-history":[{"count":0,"href":"https:\/\/schuetzenverein-leinefelde.de\/index.php?rest_route=\/wp\/v2\/pages\/65\/revisions"}],"wp:attachment":[{"href":"https:\/\/schuetzenverein-leinefelde.de\/index.php?rest_route=%2Fwp%2Fv2%2Fmedia&parent=65"}],"curies":[{"name":"wp","href":"https:\/\/api.w.org\/{rel}","templated":true}]}}